{"id":1777,"date":"2023-05-22T08:24:31","date_gmt":"2023-05-22T08:24:31","guid":{"rendered":"https:\/\/www.vado.fi\/?page_id=1777"},"modified":"2024-06-17T18:05:03","modified_gmt":"2024-06-17T18:05:03","slug":"referenssit","status":"publish","type":"page","link":"https:\/\/www.vado.fi\/en\/referenssit\/","title":{"rendered":"References"},"content":{"rendered":"<div data-elementor-type=\"wp-page\" data-elementor-id=\"1777\" class=\"elementor elementor-1777\" data-elementor-post-type=\"page\">\n\t\t\t\t<div class=\"elementor-element elementor-element-2ce511c e-flex e-con-boxed e-con e-parent\" data-id=\"2ce511c\" data-element_type=\"container\">\n\t\t\t\t\t<div class=\"e-con-inner\">\n\t\t<div class=\"elementor-element elementor-element-715a50f e-flex e-con-boxed e-con e-child\" data-id=\"715a50f\" data-element_type=\"container\">\n\t\t\t\t\t<div class=\"e-con-inner\">\n\t\t<div class=\"elementor-element elementor-element-e895437 e-flex e-con-boxed e-con e-child\" data-id=\"e895437\" data-element_type=\"container\" data-settings=\"{&quot;background_background&quot;:&quot;classic&quot;}\">\n\t\t\t\t\t<div class=\"e-con-inner\">\n\t\t\t\t<div class=\"elementor-element elementor-element-92305e1 elementor-widget elementor-widget-heading\" data-id=\"92305e1\" data-element_type=\"widget\" data-widget_type=\"heading.default\">\n\t\t\t\t<div class=\"elementor-widget-container\">\n\t\t\t\t\t<h2 class=\"elementor-heading-title elementor-size-default\">Newsec customer story<\/h2>\t\t\t\t<\/div>\n\t\t\t\t<\/div>\n\t\t\t\t<div class=\"elementor-element elementor-element-090f44e elementor-widget elementor-widget-text-editor\" data-id=\"090f44e\" data-element_type=\"widget\" data-widget_type=\"text-editor.default\">\n\t\t\t\t<div class=\"elementor-widget-container\">\n\t\t\t\t\t\t\t\t\t<p><span style=\"font-weight: 400;\">Vado's long standing customer, Newsec is known as a versatile expert and service provider in the real estate industry beyond Finland's borders. In Newsec's properties, better air filtration is achieved with Vado's NanoWave, as Newsec makes choices in favor of energy efficiency.<\/span><\/p><p><span style=\"font-weight: 400;\">Real Estate Manager at Newsec <\/span><b>Jarno Aalto<\/b><span style=\"font-weight: 400;\"> manages eight different office buildings. Aalto became familiar with Vado's air filters in his previous role as a property manager.<\/span><\/p><p><span style=\"font-weight: 400;\">Newsec requires reliability and commitment to delivery times from its service providers. In this regard, Vado as a filter supplier is uncompromising.\u00a0<\/span><\/p><ul><li><span style=\"font-weight: 400;\">The most important aspect is certainly the delivery time, so that property maintenance activities are not delayed. Property maintenance aims to change the air filters during spring and autumn maintenance and it is crucial that the necessary filters have already been procured and delivered on site, says Jarno Aalto.\u00a0<\/span><\/li><\/ul>\t\t\t\t\t\t\t\t<\/div>\n\t\t\t\t<\/div>\n\t\t\t\t\t<\/div>\n\t\t\t\t<\/div>\n\t\t<div class=\"elementor-element elementor-element-141e811 e-flex e-con-boxed e-con e-child\" data-id=\"141e811\" data-element_type=\"container\" data-settings=\"{&quot;background_background&quot;:&quot;classic&quot;}\">\n\t\t\t\t\t<div class=\"e-con-inner\">\n\t\t\t\t\t<\/div>\n\t\t\t\t<\/div>\n\t\t\t\t\t<\/div>\n\t\t\t\t<\/div>\n\t\t\t\t\t<\/div>\n\t\t\t\t<\/div>\n\t\t<div class=\"elementor-element elementor-element-e01074c e-flex e-con-boxed e-con e-parent\" data-id=\"e01074c\" data-element_type=\"container\">\n\t\t\t\t\t<div class=\"e-con-inner\">\n\t\t<div class=\"elementor-element elementor-element-8313c16 e-flex e-con-boxed e-con e-child\" data-id=\"8313c16\" data-element_type=\"container\">\n\t\t\t\t\t<div class=\"e-con-inner\">\n\t\t<div class=\"elementor-element elementor-element-6f91d27 e-flex e-con-boxed e-con e-child\" data-id=\"6f91d27\" data-element_type=\"container\" data-settings=\"{&quot;background_background&quot;:&quot;classic&quot;}\">\n\t\t\t\t\t<div class=\"e-con-inner\">\n\t\t\t\t<div class=\"elementor-element elementor-element-4268195 elementor-widget elementor-widget-heading\" data-id=\"4268195\" data-element_type=\"widget\" data-widget_type=\"heading.default\">\n\t\t\t\t<div class=\"elementor-widget-container\">\n\t\t\t\t\t<h2 class=\"elementor-heading-title elementor-size-default\">Energy efficiency and responsibility<\/h2>\t\t\t\t<\/div>\n\t\t\t\t<\/div>\n\t\t\t\t<div class=\"elementor-element elementor-element-44ecb8d elementor-widget elementor-widget-text-editor\" data-id=\"44ecb8d\" data-element_type=\"widget\" data-widget_type=\"text-editor.default\">\n\t\t\t\t<div class=\"elementor-widget-container\">\n\t\t\t\t\t\t\t\t\t<p><span style=\"font-weight: 400;\">In his own work, Aalto personally inspects the HVAC systems of properties, but the most important messenger for him is the skilled maintenance staff. Vado's surveying also assess property specific factors affecting ventilation energy efficiency and filter choices.\u00a0<\/span><\/p><ul><li><span style=\"font-weight: 400;\">Vado has provided us with comprehensive information on how different filters impact the efficiency and quality of ventilation systems, Aalto explains.<\/span><\/li><li><span style=\"font-weight: 400;\">Vado also continuously tests and develops its own filters, involving customers in various development projects.<\/span><\/li><li>I know that Vado is planning pilot tests for new filter models. I'm very interested in the results regarding energy consumption and indoor air quality. At Newsec, we are happy to conduct research to promote energy efficiency. Ventilation plays its own role in these efforts, Aalto is enthusiastic.<\/li><li><span style=\"font-weight: 400;\">Energy efficiency and reducing carbon footprint are integral to everything we do at Newsec and we also expect responsible choices from our service providers and suppliers of products.<\/span><\/li><li>It is an essential part of our procurement guidelines. Suppliers of goods and services are required to commit to reducing their carbon footprint. The procurement manager reviews commitments and backgrounds to ensure that purchases align with our values.<\/li><li>I can warmly recommend Vado as a supplier of air filters, says Aalto.<\/li><\/ul>\t\t\t\t\t\t\t\t<\/div>\n\t\t\t\t<\/div>\n\t\t\t\t\t<\/div>\n\t\t\t\t<\/div>\n\t\t<div class=\"elementor-element elementor-element-f0c11be e-flex e-con-boxed e-con e-child\" data-id=\"f0c11be\" data-element_type=\"container\" data-settings=\"{&quot;background_background&quot;:&quot;classic&quot;}\">\n\t\t\t\t\t<div class=\"e-con-inner\">\n\t\t\t\t<div class=\"elementor-element elementor-element-1ed1035 elementor-widget elementor-widget-heading\" data-id=\"1ed1035\" data-element_type=\"widget\" data-widget_type=\"heading.default\">\n\t\t\t\t<div class=\"elementor-widget-container\">\n\t\t\t\t\t<h2 class=\"elementor-heading-title elementor-size-default\">Impressive choices<\/h2>\t\t\t\t<\/div>\n\t\t\t\t<\/div>\n\t\t\t\t<div class=\"elementor-element elementor-element-66d1211 elementor-widget elementor-widget-text-editor\" data-id=\"66d1211\" data-element_type=\"widget\" data-widget_type=\"text-editor.default\">\n\t\t\t\t<div class=\"elementor-widget-container\">\n\t\t\t\t\t\t\t\t\t<p><span style=\"font-weight: 400;\">Newsec is committed to responsible development in the properties it manages. For example, currently the company <\/span><i><span style=\"font-weight: 400;\">A step lower <\/span><\/i><span style=\"font-weight: 400;\">-campaign, aimed at significantly reducing energy consumption in Finnish households.\u00a0<\/span><\/p><ul><li><span style=\"font-weight: 400;\">We have received guidance on how to reduce energy consumption in both residential and commercial properties. Ventilation is linked to this, for example, concerning scheduling programs. Machines do not operate at full capacity unnecessarily; instead, power levels are scheduled based on the building's usage or demand.\u00a0<\/span><\/li><\/ul><p><span style=\"font-weight: 400;\">Newsec has improved the energy efficiency of property ventilation by updating its machinery.<\/span><\/p><ul><li><span style=\"font-weight: 400;\">Over the years, significant improvements in energy savings have been achieved in the properties. The starting point naturally varies by location, but we have updated, for example, old direct-drive motors that consume a lot of electricity with new ones. They have been replaced with EC motors and equipped with frequency converters to significantly reduce electricity consumption. Additionally, by monitoring building automation operations closely and addressing issues, substantial savings have been achieved without significant investments.<\/span><\/li><\/ul>\t\t\t\t\t\t\t\t<\/div>\n\t\t\t\t<\/div>\n\t\t\t\t\t<\/div>\n\t\t\t\t<\/div>\n\t\t\t\t\t<\/div>\n\t\t\t\t<\/div>\n\t\t\t\t\t<\/div>\n\t\t\t\t<\/div>\n\t\t\t\t<\/div>","protected":false},"excerpt":{"rendered":"<p>Newsec asiakastarina Vadon monivuotinen asiakas Newsec tunnetaan kiinteist\u00f6alan monipuolisena asiantuntijana ja palveluiden tuottajana yli Suomen rajojen. Newsecin kiinteist\u00f6iss\u00e4 suodatetaan parempaa ilmaa Vadon NanoWaven avulla, koska Newsec tekee valintoja energiatehokkuuden puolesta. Newsecin kiinteist\u00f6p\u00e4\u00e4llikk\u00f6 Jarno Aalto huolehtii kahdeksasta eri toimistorakennuksesta. Aalto tuli tutuksi Vadon ilmansuodattimien kanssa jo aikaisemmassa ty\u00f6ss\u00e4\u00e4n is\u00e4nn\u00f6itsij\u00e4n\u00e4. Newsec edellytt\u00e4\u00e4 palvelun toimittajiltaan toimintavarmuutta sek\u00e4 sitoutumista [&hellip;]<\/p>","protected":false},"author":1,"featured_media":0,"parent":0,"menu_order":0,"comment_status":"closed","ping_status":"closed","template":"","meta":{"_acf_changed":false,"footnotes":""},"class_list":["post-1777","page","type-page","status-publish","hentry"],"acf":[],"_links":{"self":[{"href":"https:\/\/www.vado.fi\/en\/wp-json\/wp\/v2\/pages\/1777","targetHints":{"allow":["GET"]}}],"collection":[{"href":"https:\/\/www.vado.fi\/en\/wp-json\/wp\/v2\/pages"}],"about":[{"href":"https:\/\/www.vado.fi\/en\/wp-json\/wp\/v2\/types\/page"}],"author":[{"embeddable":true,"href":"https:\/\/www.vado.fi\/en\/wp-json\/wp\/v2\/users\/1"}],"replies":[{"embeddable":true,"href":"https:\/\/www.vado.fi\/en\/wp-json\/wp\/v2\/comments?post=1777"}],"version-history":[{"count":0,"href":"https:\/\/www.vado.fi\/en\/wp-json\/wp\/v2\/pages\/1777\/revisions"}],"wp:attachment":[{"href":"https:\/\/www.vado.fi\/en\/wp-json\/wp\/v2\/media?parent=1777"}],"curies":[{"name":"wp","href":"https:\/\/api.w.org\/{rel}","templated":true}]}}