{"id":80,"date":"2020-02-03T07:49:22","date_gmt":"2020-02-03T07:49:22","guid":{"rendered":"http:\/\/www.vado.fi\/?page_id=80"},"modified":"2024-09-09T19:30:42","modified_gmt":"2024-09-09T19:30:42","slug":"tarinamme","status":"publish","type":"page","link":"https:\/\/www.vado.fi\/en\/tarinamme\/","title":{"rendered":"Our story"},"content":{"rendered":"<div data-elementor-type=\"wp-page\" data-elementor-id=\"80\" class=\"elementor elementor-80\" data-elementor-post-type=\"page\">\n\t\t\t\t<div class=\"elementor-element elementor-element-bec6a4d e-flex e-con-boxed e-con e-parent\" data-id=\"bec6a4d\" data-element_type=\"container\">\n\t\t\t\t\t<div class=\"e-con-inner\">\n\t\t<div class=\"elementor-element elementor-element-3de8f26 e-flex e-con-boxed e-con e-child\" data-id=\"3de8f26\" data-element_type=\"container\" data-settings=\"{&quot;background_background&quot;:&quot;classic&quot;}\">\n\t\t\t\t\t<div class=\"e-con-inner\">\n\t\t\t\t\t<\/div>\n\t\t\t\t<\/div>\n\t\t<div class=\"elementor-element elementor-element-fa0b6a4 e-flex e-con-boxed e-con e-child\" data-id=\"fa0b6a4\" data-element_type=\"container\" data-settings=\"{&quot;background_background&quot;:&quot;classic&quot;}\">\n\t\t\t\t\t<div class=\"e-con-inner\">\n\t\t\t\t<div class=\"elementor-element elementor-element-d0864c6 elementor-widget elementor-widget-heading\" data-id=\"d0864c6\" data-element_type=\"widget\" data-widget_type=\"heading.default\">\n\t\t\t\t<div class=\"elementor-widget-container\">\n\t\t\t\t\t<h2 class=\"elementor-heading-title elementor-size-default\">Vado Oy<\/h2>\t\t\t\t<\/div>\n\t\t\t\t<\/div>\n\t\t\t\t<div class=\"elementor-element elementor-element-92dc01d elementor-widget elementor-widget-text-editor\" data-id=\"92dc01d\" data-element_type=\"widget\" data-widget_type=\"text-editor.default\">\n\t\t\t\t<div class=\"elementor-widget-container\">\n\t\t\t\t\t\t\t\t\t<p>Vado Oy, established in 2008, manufactures air filters. In 2012 the company began developing environmentally friendly and energy saving air filters. Vado's filters reduce energy consumption and carbon footprint of buildings and they are easy to dispose of.<\/p><p>Vado was born out of the need to respond to changing trends in recycling and energy efficiency. The company recognized that filters made from fiberglass and metal frames no longer met customer needs, prompting it to develop more energy efficient and environmentally friendly filtration solutions. The goal is to produce the world's best ventilation filters.<\/p>\t\t\t\t\t\t\t\t<\/div>\n\t\t\t\t<\/div>\n\t\t\t\t\t<\/div>\n\t\t\t\t<\/div>\n\t\t\t\t\t<\/div>\n\t\t\t\t<\/div>\n\t\t\t\t<\/div>","protected":false},"excerpt":{"rendered":"<p>Vado Oy Vado Oy, joka on perustettu vuonna 2008, valmistaa ilmansuodattimia. Vuonna 2012 yritys aloitti ymp\u00e4rist\u00f6yst\u00e4v\u00e4llisten ja energians\u00e4\u00e4st\u00f6\u00f6n t\u00e4ht\u00e4\u00e4vien ilmansuodattimien kehitt\u00e4misen, joissa k\u00e4yt\u00e4mme laajalti erilaisia suodatinmateriaalia. Vadon suodattimet v\u00e4hent\u00e4v\u00e4t rakennusten energiankulutusta, hiilijalanj\u00e4lke\u00e4 ja ne ovat helppo h\u00e4vitt\u00e4\u00e4. Kehitysprosessiin osallistui keskeisi\u00e4 toimijoita teollisuuden, kaupallisten tilojen ja toimistojen aloilta. Tavoitteemme oli tuoda markkinoille ymp\u00e4rist\u00f6yst\u00e4v\u00e4llinen ja energiatehokas ilmansuodatinmateriaali [&hellip;]<\/p>","protected":false},"author":1,"featured_media":0,"parent":0,"menu_order":0,"comment_status":"closed","ping_status":"closed","template":"","meta":{"_acf_changed":false,"footnotes":""},"class_list":["post-80","page","type-page","status-publish","hentry"],"acf":[],"_links":{"self":[{"href":"https:\/\/www.vado.fi\/en\/wp-json\/wp\/v2\/pages\/80","targetHints":{"allow":["GET"]}}],"collection":[{"href":"https:\/\/www.vado.fi\/en\/wp-json\/wp\/v2\/pages"}],"about":[{"href":"https:\/\/www.vado.fi\/en\/wp-json\/wp\/v2\/types\/page"}],"author":[{"embeddable":true,"href":"https:\/\/www.vado.fi\/en\/wp-json\/wp\/v2\/users\/1"}],"replies":[{"embeddable":true,"href":"https:\/\/www.vado.fi\/en\/wp-json\/wp\/v2\/comments?post=80"}],"version-history":[{"count":0,"href":"https:\/\/www.vado.fi\/en\/wp-json\/wp\/v2\/pages\/80\/revisions"}],"wp:attachment":[{"href":"https:\/\/www.vado.fi\/en\/wp-json\/wp\/v2\/media?parent=80"}],"curies":[{"name":"wp","href":"https:\/\/api.w.org\/{rel}","templated":true}]}}